{"id":701,"date":"2026-05-13T15:49:39","date_gmt":"2026-05-13T15:49:39","guid":{"rendered":"https:\/\/antiorarioagencylivestaging.com\/?post_type=product&#038;p=701"},"modified":"2026-05-13T16:51:50","modified_gmt":"2026-05-13T16:51:50","slug":"centrale-rivelazione-incendio-iq8control-m","status":"publish","type":"product","link":"https:\/\/antiorarioagencylivestaging.com\/en\/product\/centrale-rivelazione-incendio-iq8control-m\/","title":{"rendered":"Centrale rivelazione incendio IQ8Control M"},"content":{"rendered":"<p>IQ8Control M \u00e8 una centrale rivelazione incendio indirizzata, adatta per strutture di grandi dimensioni. Assicura una gestione simultanea di tutti gli elementi connessi alla centrale, compresi gli elementi sul loop, gli ingressi e le uscite integrate nonch\u00e9 tutti i dispositivi di remotizzazione e visualizzazione. Nell\u2019IQ8Control M \u00e8 possibile selezionare la tecnologia esserbus\u00ae o esserbus\u00ae-Plus mediante un ponticello sull\u2019alimentatore centrale. IQ8Control M \u00e8 cos\u00ec ideale per aree di grandi dimensioni quali siti industriali, centri commerciali, palazzine, uffici e universit\u00e0.<\/p>","protected":false},"excerpt":{"rendered":"<p>IQ8Control M \u00e8 una centrale rivelazione incendio indirizzata, adatta per strutture di grandi dimensioni. Assicura una gestione simultanea di tutti gli elementi connessi alla centrale, compresi gli elementi sul loop, gli ingressi e le uscite integrate nonch\u00e9 tutti i dispositivi di remotizzazione e visualizzazione. Nell\u2019IQ8Control M \u00e8 possibile selezionare la tecnologia esserbus\u00ae o esserbus\u00ae-Plus mediante [&hellip;]<\/p>\n","protected":false},"featured_media":736,"comment_status":"closed","ping_status":"closed","template":"","meta":{"_acf_changed":false},"product_brand":[24,27],"product_cat":[43],"product_tag":[],"tipologie":[49],"class_list":{"0":"post-701","1":"product","2":"type-product","3":"status-publish","4":"has-post-thumbnail","6":"product_brand-esser","7":"product_brand-iq8-control","8":"product_cat-tecnologia-antincendio-esser","9":"tipologie-centrali-accessori","11":"first","12":"instock","13":"shipping-taxable","14":"product-type-simple"},"acf":[],"yoast_head":"<!-- This site is optimized with the Yoast SEO plugin v27.4 - https:\/\/yoast.com\/product\/yoast-seo-wordpress\/ -->\n<title>Centrale rivelazione incendio IQ8Control M - antiorarioagencylivestaging.com<\/title>\n<meta name=\"description\" content=\"IQ8Control M \u00e8 una centrale rivelazione incendio indirizzata, adatta per strutture di grandi dimensioni. Assicura una gestione simultanea...\" \/>\n<meta name=\"robots\" content=\"noindex, follow, max-snippet:-1, max-image-preview:large, max-video-preview:-1\" \/>\n<meta property=\"og:locale\" content=\"en_US\" \/>\n<meta property=\"og:type\" content=\"article\" \/>\n<meta property=\"og:title\" content=\"Centrale rivelazione incendio IQ8Control M - antiorarioagencylivestaging.com\" \/>\n<meta property=\"og:description\" content=\"IQ8Control M \u00e8 una centrale rivelazione incendio indirizzata, adatta per strutture di grandi dimensioni. Assicura una gestione simultanea...\" \/>\n<meta property=\"og:url\" content=\"https:\/\/antiorarioagencylivestaging.com\/en\/product\/centrale-rivelazione-incendio-iq8control-m\/\" \/>\n<meta property=\"og:site_name\" content=\"antiorarioagencylivestaging.com\" \/>\n<meta property=\"article:modified_time\" content=\"2026-05-13T16:51:50+00:00\" \/>\n<meta property=\"og:image\" content=\"https:\/\/antiorarioagencylivestaging.com\/wp-content\/uploads\/2026\/05\/IQ8C-M.0IT.jpg\" \/>\n\t<meta property=\"og:image:width\" content=\"800\" \/>\n\t<meta property=\"og:image:height\" content=\"800\" \/>\n\t<meta property=\"og:image:type\" content=\"image\/jpeg\" \/>\n<meta name=\"twitter:card\" content=\"summary_large_image\" \/>\n<meta name=\"twitter:label1\" content=\"Est. reading time\" \/>\n\t<meta name=\"twitter:data1\" content=\"1 minute\" \/>\n<script type=\"application\/ld+json\" class=\"yoast-schema-graph\">{\"@context\":\"https:\\\/\\\/schema.org\",\"@graph\":[{\"@type\":\"WebPage\",\"@id\":\"https:\\\/\\\/antiorarioagencylivestaging.com\\\/prodotto\\\/centrale-rivelazione-incendio-iq8control-m\\\/\",\"url\":\"https:\\\/\\\/antiorarioagencylivestaging.com\\\/prodotto\\\/centrale-rivelazione-incendio-iq8control-m\\\/\",\"name\":\"Centrale rivelazione incendio IQ8Control M - antiorarioagencylivestaging.com\",\"isPartOf\":{\"@id\":\"https:\\\/\\\/antiorarioagencylivestaging.com\\\/#website\"},\"primaryImageOfPage\":{\"@id\":\"https:\\\/\\\/antiorarioagencylivestaging.com\\\/prodotto\\\/centrale-rivelazione-incendio-iq8control-m\\\/#primaryimage\"},\"image\":{\"@id\":\"https:\\\/\\\/antiorarioagencylivestaging.com\\\/prodotto\\\/centrale-rivelazione-incendio-iq8control-m\\\/#primaryimage\"},\"thumbnailUrl\":\"https:\\\/\\\/antiorarioagencylivestaging.com\\\/wp-content\\\/uploads\\\/2026\\\/05\\\/IQ8C-M.0IT.jpg\",\"datePublished\":\"2026-05-13T15:49:39+00:00\",\"dateModified\":\"2026-05-13T16:51:50+00:00\",\"description\":\"IQ8Control M \u00e8 una centrale rivelazione incendio indirizzata, adatta per strutture di grandi dimensioni. Assicura una gestione simultanea...\",\"breadcrumb\":{\"@id\":\"https:\\\/\\\/antiorarioagencylivestaging.com\\\/prodotto\\\/centrale-rivelazione-incendio-iq8control-m\\\/#breadcrumb\"},\"inLanguage\":\"en-US\",\"potentialAction\":[{\"@type\":\"ReadAction\",\"target\":[\"https:\\\/\\\/antiorarioagencylivestaging.com\\\/prodotto\\\/centrale-rivelazione-incendio-iq8control-m\\\/\"]}]},{\"@type\":\"ImageObject\",\"inLanguage\":\"en-US\",\"@id\":\"https:\\\/\\\/antiorarioagencylivestaging.com\\\/prodotto\\\/centrale-rivelazione-incendio-iq8control-m\\\/#primaryimage\",\"url\":\"https:\\\/\\\/antiorarioagencylivestaging.com\\\/wp-content\\\/uploads\\\/2026\\\/05\\\/IQ8C-M.0IT.jpg\",\"contentUrl\":\"https:\\\/\\\/antiorarioagencylivestaging.com\\\/wp-content\\\/uploads\\\/2026\\\/05\\\/IQ8C-M.0IT.jpg\",\"width\":800,\"height\":800},{\"@type\":\"BreadcrumbList\",\"@id\":\"https:\\\/\\\/antiorarioagencylivestaging.com\\\/prodotto\\\/centrale-rivelazione-incendio-iq8control-m\\\/#breadcrumb\",\"itemListElement\":[{\"@type\":\"ListItem\",\"position\":1,\"name\":\"Home\",\"item\":\"https:\\\/\\\/antiorarioagencylivestaging.com\\\/\"},{\"@type\":\"ListItem\",\"position\":2,\"name\":\"Shop\",\"item\":\"https:\\\/\\\/antiorarioagencylivestaging.com\\\/negozio\\\/\"},{\"@type\":\"ListItem\",\"position\":3,\"name\":\"Tecnologia Antincendio Esser\",\"item\":\"https:\\\/\\\/antiorarioagencylivestaging.com\\\/categoria-prodotto\\\/tecnologia-antincendio-esser\\\/\"},{\"@type\":\"ListItem\",\"position\":4,\"name\":\"Centrale rivelazione incendio IQ8Control M\"}]},{\"@type\":\"WebSite\",\"@id\":\"https:\\\/\\\/antiorarioagencylivestaging.com\\\/#website\",\"url\":\"https:\\\/\\\/antiorarioagencylivestaging.com\\\/\",\"name\":\"antiorarioagencylivestaging.com\",\"description\":\"\",\"potentialAction\":[{\"@type\":\"SearchAction\",\"target\":{\"@type\":\"EntryPoint\",\"urlTemplate\":\"https:\\\/\\\/antiorarioagencylivestaging.com\\\/?s={search_term_string}\"},\"query-input\":{\"@type\":\"PropertyValueSpecification\",\"valueRequired\":true,\"valueName\":\"search_term_string\"}}],\"inLanguage\":\"en-US\"}]}<\/script>\n<!-- \/ Yoast SEO plugin. -->","yoast_head_json":{"title":"Centrale rivelazione incendio IQ8Control M - antiorarioagencylivestaging.com","description":"IQ8Control M \u00e8 una centrale rivelazione incendio indirizzata, adatta per strutture di grandi dimensioni. Assicura una gestione simultanea...","robots":{"index":"noindex","follow":"follow","max-snippet":"max-snippet:-1","max-image-preview":"max-image-preview:large","max-video-preview":"max-video-preview:-1"},"og_locale":"en_US","og_type":"article","og_title":"Centrale rivelazione incendio IQ8Control M - antiorarioagencylivestaging.com","og_description":"IQ8Control M \u00e8 una centrale rivelazione incendio indirizzata, adatta per strutture di grandi dimensioni. Assicura una gestione simultanea...","og_url":"https:\/\/antiorarioagencylivestaging.com\/en\/product\/centrale-rivelazione-incendio-iq8control-m\/","og_site_name":"antiorarioagencylivestaging.com","article_modified_time":"2026-05-13T16:51:50+00:00","og_image":[{"width":800,"height":800,"url":"https:\/\/antiorarioagencylivestaging.com\/wp-content\/uploads\/2026\/05\/IQ8C-M.0IT.jpg","type":"image\/jpeg"}],"twitter_card":"summary_large_image","twitter_misc":{"Est. reading time":"1 minute"},"schema":{"@context":"https:\/\/schema.org","@graph":[{"@type":"WebPage","@id":"https:\/\/antiorarioagencylivestaging.com\/prodotto\/centrale-rivelazione-incendio-iq8control-m\/","url":"https:\/\/antiorarioagencylivestaging.com\/prodotto\/centrale-rivelazione-incendio-iq8control-m\/","name":"Centrale rivelazione incendio IQ8Control M - antiorarioagencylivestaging.com","isPartOf":{"@id":"https:\/\/antiorarioagencylivestaging.com\/#website"},"primaryImageOfPage":{"@id":"https:\/\/antiorarioagencylivestaging.com\/prodotto\/centrale-rivelazione-incendio-iq8control-m\/#primaryimage"},"image":{"@id":"https:\/\/antiorarioagencylivestaging.com\/prodotto\/centrale-rivelazione-incendio-iq8control-m\/#primaryimage"},"thumbnailUrl":"https:\/\/antiorarioagencylivestaging.com\/wp-content\/uploads\/2026\/05\/IQ8C-M.0IT.jpg","datePublished":"2026-05-13T15:49:39+00:00","dateModified":"2026-05-13T16:51:50+00:00","description":"IQ8Control M \u00e8 una centrale rivelazione incendio indirizzata, adatta per strutture di grandi dimensioni. Assicura una gestione simultanea...","breadcrumb":{"@id":"https:\/\/antiorarioagencylivestaging.com\/prodotto\/centrale-rivelazione-incendio-iq8control-m\/#breadcrumb"},"inLanguage":"en-US","potentialAction":[{"@type":"ReadAction","target":["https:\/\/antiorarioagencylivestaging.com\/prodotto\/centrale-rivelazione-incendio-iq8control-m\/"]}]},{"@type":"ImageObject","inLanguage":"en-US","@id":"https:\/\/antiorarioagencylivestaging.com\/prodotto\/centrale-rivelazione-incendio-iq8control-m\/#primaryimage","url":"https:\/\/antiorarioagencylivestaging.com\/wp-content\/uploads\/2026\/05\/IQ8C-M.0IT.jpg","contentUrl":"https:\/\/antiorarioagencylivestaging.com\/wp-content\/uploads\/2026\/05\/IQ8C-M.0IT.jpg","width":800,"height":800},{"@type":"BreadcrumbList","@id":"https:\/\/antiorarioagencylivestaging.com\/prodotto\/centrale-rivelazione-incendio-iq8control-m\/#breadcrumb","itemListElement":[{"@type":"ListItem","position":1,"name":"Home","item":"https:\/\/antiorarioagencylivestaging.com\/"},{"@type":"ListItem","position":2,"name":"Shop","item":"https:\/\/antiorarioagencylivestaging.com\/negozio\/"},{"@type":"ListItem","position":3,"name":"Tecnologia Antincendio Esser","item":"https:\/\/antiorarioagencylivestaging.com\/categoria-prodotto\/tecnologia-antincendio-esser\/"},{"@type":"ListItem","position":4,"name":"Centrale rivelazione incendio IQ8Control M"}]},{"@type":"WebSite","@id":"https:\/\/antiorarioagencylivestaging.com\/#website","url":"https:\/\/antiorarioagencylivestaging.com\/","name":"antiorarioagencylivestaging.com","description":"","potentialAction":[{"@type":"SearchAction","target":{"@type":"EntryPoint","urlTemplate":"https:\/\/antiorarioagencylivestaging.com\/?s={search_term_string}"},"query-input":{"@type":"PropertyValueSpecification","valueRequired":true,"valueName":"search_term_string"}}],"inLanguage":"en-US"}]}},"_links":{"self":[{"href":"https:\/\/antiorarioagencylivestaging.com\/en\/wp-json\/wp\/v2\/product\/701","targetHints":{"allow":["GET"]}}],"collection":[{"href":"https:\/\/antiorarioagencylivestaging.com\/en\/wp-json\/wp\/v2\/product"}],"about":[{"href":"https:\/\/antiorarioagencylivestaging.com\/en\/wp-json\/wp\/v2\/types\/product"}],"replies":[{"embeddable":true,"href":"https:\/\/antiorarioagencylivestaging.com\/en\/wp-json\/wp\/v2\/comments?post=701"}],"version-history":[{"count":4,"href":"https:\/\/antiorarioagencylivestaging.com\/en\/wp-json\/wp\/v2\/product\/701\/revisions"}],"predecessor-version":[{"id":826,"href":"https:\/\/antiorarioagencylivestaging.com\/en\/wp-json\/wp\/v2\/product\/701\/revisions\/826"}],"wp:featuredmedia":[{"embeddable":true,"href":"https:\/\/antiorarioagencylivestaging.com\/en\/wp-json\/wp\/v2\/media\/736"}],"wp:attachment":[{"href":"https:\/\/antiorarioagencylivestaging.com\/en\/wp-json\/wp\/v2\/media?parent=701"}],"wp:term":[{"taxonomy":"product_brand","embeddable":true,"href":"https:\/\/antiorarioagencylivestaging.com\/en\/wp-json\/wp\/v2\/product_brand?post=701"},{"taxonomy":"product_cat","embeddable":true,"href":"https:\/\/antiorarioagencylivestaging.com\/en\/wp-json\/wp\/v2\/product_cat?post=701"},{"taxonomy":"product_tag","embeddable":true,"href":"https:\/\/antiorarioagencylivestaging.com\/en\/wp-json\/wp\/v2\/product_tag?post=701"},{"taxonomy":"tipologie","embeddable":true,"href":"https:\/\/antiorarioagencylivestaging.com\/en\/wp-json\/wp\/v2\/tipologie?post=701"}],"curies":[{"name":"wp","href":"https:\/\/api.w.org\/{rel}","templated":true}]}}