{"id":702,"date":"2026-05-13T15:49:39","date_gmt":"2026-05-13T15:49:39","guid":{"rendered":"https:\/\/antiorarioagencylivestaging.com\/?post_type=product&#038;p=702"},"modified":"2026-05-13T16:54:03","modified_gmt":"2026-05-13T16:54:03","slug":"sistema-di-diffusione-sonora-e-allarme-vocale-lda-one-500","status":"publish","type":"product","link":"https:\/\/antiorarioagencylivestaging.com\/en\/product\/sistema-di-diffusione-sonora-e-allarme-vocale-lda-one-500\/","title":{"rendered":"Sistema di diffusione sonora e allarme vocale LDA ONE-500"},"content":{"rendered":"<p class=\"p1\">LDA ONE 500 \u00e8 un sistema di emergenza e di evacuazione vocale compatto e certificato NE 54-16 che assicura un&#8217;evacuazione di emergenza controllata e sicura.<\/p>\n<p>Il sistema comprende 2 canali di amplificatori con 200 Wrms (500 W musica\/voce in conformit\u00e0 alla EN60065) per la diffusione tra 6 zone. Supervisione di linea senza cavo di ritorno (dispositivi di fine linea non inclusi). Equalizzatore DSP. 6 zone di controllo. Possibilit\u00e0 di montaggio a parete e armadio rack. Caricabatterie integrato e alloggiamento certificato EN 54-4 (OPZIONALE: Da attivare con SD Card). Integrazione dell\u2019interfaccia con la centrale antincendio. Messaggi EVAC e di ALLARME pre-registrati. Tutto compreso, nessun bisogno di applicazioni esterne. 4 uscite preamplificate. 3 ingressi audio con priorit\u00e0 e ingresso audio misto. 6 uscite espandibili. Il sistema di emergenza e di evacuazione vocale pu\u00f2 essere configurato senza software o PC, grazie alla modalit\u00e0 Plug&amp;Set per PA\/VA.<\/p>\n<p>ONE \u00e8 il sistema PA\/VA pi\u00f9 versatile ed economico, grazie alle sue caratteristiche all&#8217;avanguardia, all&#8217;eccellente qualit\u00e0 audio e flessibilit\u00e0 in spazi ridotti. \u00c8 dotato di 2 amplificatori in classe D, 6 zone, 3 ingressi audio, matrice audio 6&#215;6, display DSP e LCD.<\/p>\n<p>Il sistema pu\u00f2 essere configurato senza software o PC, grazie alla modalit\u00e0 Plug&amp;Set per PA\/VA.<\/p>\n<p>Ingressi audio e mixaggio automatico garantiscono un&#8217;elevata versatilit\u00e0 nell&#8217;utilizzo di PA in piccole installazioni.<\/p>\n<p>ONE \u00e8 dotato di di caricabatterie EN 54-4 e pu\u00f2 funzionare con una batteria da 12V. Questa caratteristica e il suo avanzato controllo del risparmio energetico\u00a0 iducono al massimo i costi di manutenzione.<\/p>\n<p>L&#8217;innovativo design Wall&amp;Rack rende ONE adatto al montaggio a parete e all&#8217;integrazione in armadio.<\/p>","protected":false},"excerpt":{"rendered":"<p>LDA ONE 500 \u00e8 un sistema di emergenza e di evacuazione vocale compatto e certificato NE 54-16 che assicura un&#8217;evacuazione di emergenza controllata e sicura. Il sistema comprende 2 canali di amplificatori con 200 Wrms (500 W musica\/voce in conformit\u00e0 alla EN60065) per la diffusione tra 6 zone. Supervisione di linea senza cavo di ritorno [&hellip;]<\/p>\n","protected":false},"featured_media":738,"comment_status":"closed","ping_status":"closed","template":"","meta":{"_acf_changed":false},"product_brand":[38],"product_cat":[42],"product_tag":[],"tipologie":[49],"class_list":{"0":"post-702","1":"product","2":"type-product","3":"status-publish","4":"has-post-thumbnail","6":"product_brand-lda","7":"product_cat-sistemi-di-evacuazione-sonora","8":"tipologie-centrali-accessori","10":"first","11":"instock","12":"shipping-taxable","13":"product-type-simple"},"acf":[],"yoast_head":"<!-- This site is optimized with the Yoast SEO plugin v27.4 - https:\/\/yoast.com\/product\/yoast-seo-wordpress\/ -->\n<title>Sistema di diffusione sonora e allarme vocale LDA ONE-500 - antiorarioagencylivestaging.com<\/title>\n<meta name=\"description\" content=\"Il sistema comprende 2 canali di amplificatori con 200 Wrms (500 W musica\/voce in conformit\u00e0 alla EN60065) per la diffusione tra 6 zone...\" \/>\n<meta name=\"robots\" content=\"noindex, follow, max-snippet:-1, max-image-preview:large, max-video-preview:-1\" \/>\n<meta property=\"og:locale\" content=\"en_US\" \/>\n<meta property=\"og:type\" content=\"article\" \/>\n<meta property=\"og:title\" content=\"Sistema di diffusione sonora e allarme vocale LDA ONE-500 - antiorarioagencylivestaging.com\" \/>\n<meta property=\"og:description\" content=\"Il sistema comprende 2 canali di amplificatori con 200 Wrms (500 W musica\/voce in conformit\u00e0 alla EN60065) per la diffusione tra 6 zone...\" \/>\n<meta property=\"og:url\" content=\"https:\/\/antiorarioagencylivestaging.com\/en\/product\/sistema-di-diffusione-sonora-e-allarme-vocale-lda-one-500\/\" \/>\n<meta property=\"og:site_name\" content=\"antiorarioagencylivestaging.com\" \/>\n<meta property=\"article:modified_time\" content=\"2026-05-13T16:54:03+00:00\" \/>\n<meta property=\"og:image\" content=\"https:\/\/antiorarioagencylivestaging.com\/wp-content\/uploads\/2026\/05\/LDAONE500S01.jpg\" \/>\n\t<meta property=\"og:image:width\" content=\"800\" \/>\n\t<meta property=\"og:image:height\" content=\"800\" \/>\n\t<meta property=\"og:image:type\" content=\"image\/jpeg\" \/>\n<meta name=\"twitter:card\" content=\"summary_large_image\" \/>\n<meta name=\"twitter:label1\" content=\"Est. reading time\" \/>\n\t<meta name=\"twitter:data1\" content=\"2 minutes\" \/>\n<script type=\"application\/ld+json\" class=\"yoast-schema-graph\">{\"@context\":\"https:\\\/\\\/schema.org\",\"@graph\":[{\"@type\":\"WebPage\",\"@id\":\"https:\\\/\\\/antiorarioagencylivestaging.com\\\/prodotto\\\/sistema-di-diffusione-sonora-e-allarme-vocale-lda-one-500\\\/\",\"url\":\"https:\\\/\\\/antiorarioagencylivestaging.com\\\/prodotto\\\/sistema-di-diffusione-sonora-e-allarme-vocale-lda-one-500\\\/\",\"name\":\"Sistema di diffusione sonora e allarme vocale LDA ONE-500 - antiorarioagencylivestaging.com\",\"isPartOf\":{\"@id\":\"https:\\\/\\\/antiorarioagencylivestaging.com\\\/#website\"},\"primaryImageOfPage\":{\"@id\":\"https:\\\/\\\/antiorarioagencylivestaging.com\\\/prodotto\\\/sistema-di-diffusione-sonora-e-allarme-vocale-lda-one-500\\\/#primaryimage\"},\"image\":{\"@id\":\"https:\\\/\\\/antiorarioagencylivestaging.com\\\/prodotto\\\/sistema-di-diffusione-sonora-e-allarme-vocale-lda-one-500\\\/#primaryimage\"},\"thumbnailUrl\":\"https:\\\/\\\/antiorarioagencylivestaging.com\\\/wp-content\\\/uploads\\\/2026\\\/05\\\/LDAONE500S01.jpg\",\"datePublished\":\"2026-05-13T15:49:39+00:00\",\"dateModified\":\"2026-05-13T16:54:03+00:00\",\"description\":\"Il sistema comprende 2 canali di amplificatori con 200 Wrms (500 W musica\\\/voce in conformit\u00e0 alla EN60065) per la diffusione tra 6 zone...\",\"breadcrumb\":{\"@id\":\"https:\\\/\\\/antiorarioagencylivestaging.com\\\/prodotto\\\/sistema-di-diffusione-sonora-e-allarme-vocale-lda-one-500\\\/#breadcrumb\"},\"inLanguage\":\"en-US\",\"potentialAction\":[{\"@type\":\"ReadAction\",\"target\":[\"https:\\\/\\\/antiorarioagencylivestaging.com\\\/prodotto\\\/sistema-di-diffusione-sonora-e-allarme-vocale-lda-one-500\\\/\"]}]},{\"@type\":\"ImageObject\",\"inLanguage\":\"en-US\",\"@id\":\"https:\\\/\\\/antiorarioagencylivestaging.com\\\/prodotto\\\/sistema-di-diffusione-sonora-e-allarme-vocale-lda-one-500\\\/#primaryimage\",\"url\":\"https:\\\/\\\/antiorarioagencylivestaging.com\\\/wp-content\\\/uploads\\\/2026\\\/05\\\/LDAONE500S01.jpg\",\"contentUrl\":\"https:\\\/\\\/antiorarioagencylivestaging.com\\\/wp-content\\\/uploads\\\/2026\\\/05\\\/LDAONE500S01.jpg\",\"width\":800,\"height\":800},{\"@type\":\"BreadcrumbList\",\"@id\":\"https:\\\/\\\/antiorarioagencylivestaging.com\\\/prodotto\\\/sistema-di-diffusione-sonora-e-allarme-vocale-lda-one-500\\\/#breadcrumb\",\"itemListElement\":[{\"@type\":\"ListItem\",\"position\":1,\"name\":\"Home\",\"item\":\"https:\\\/\\\/antiorarioagencylivestaging.com\\\/\"},{\"@type\":\"ListItem\",\"position\":2,\"name\":\"Shop\",\"item\":\"https:\\\/\\\/antiorarioagencylivestaging.com\\\/negozio\\\/\"},{\"@type\":\"ListItem\",\"position\":3,\"name\":\"Sistemi di Evacuazione Sonora\",\"item\":\"https:\\\/\\\/antiorarioagencylivestaging.com\\\/categoria-prodotto\\\/sistemi-di-evacuazione-sonora\\\/\"},{\"@type\":\"ListItem\",\"position\":4,\"name\":\"Sistema di diffusione sonora e allarme vocale LDA ONE-500\"}]},{\"@type\":\"WebSite\",\"@id\":\"https:\\\/\\\/antiorarioagencylivestaging.com\\\/#website\",\"url\":\"https:\\\/\\\/antiorarioagencylivestaging.com\\\/\",\"name\":\"antiorarioagencylivestaging.com\",\"description\":\"\",\"potentialAction\":[{\"@type\":\"SearchAction\",\"target\":{\"@type\":\"EntryPoint\",\"urlTemplate\":\"https:\\\/\\\/antiorarioagencylivestaging.com\\\/?s={search_term_string}\"},\"query-input\":{\"@type\":\"PropertyValueSpecification\",\"valueRequired\":true,\"valueName\":\"search_term_string\"}}],\"inLanguage\":\"en-US\"}]}<\/script>\n<!-- \/ Yoast SEO plugin. -->","yoast_head_json":{"title":"Sistema di diffusione sonora e allarme vocale LDA ONE-500 - antiorarioagencylivestaging.com","description":"Il sistema comprende 2 canali di amplificatori con 200 Wrms (500 W musica\/voce in conformit\u00e0 alla EN60065) per la diffusione tra 6 zone...","robots":{"index":"noindex","follow":"follow","max-snippet":"max-snippet:-1","max-image-preview":"max-image-preview:large","max-video-preview":"max-video-preview:-1"},"og_locale":"en_US","og_type":"article","og_title":"Sistema di diffusione sonora e allarme vocale LDA ONE-500 - antiorarioagencylivestaging.com","og_description":"Il sistema comprende 2 canali di amplificatori con 200 Wrms (500 W musica\/voce in conformit\u00e0 alla EN60065) per la diffusione tra 6 zone...","og_url":"https:\/\/antiorarioagencylivestaging.com\/en\/product\/sistema-di-diffusione-sonora-e-allarme-vocale-lda-one-500\/","og_site_name":"antiorarioagencylivestaging.com","article_modified_time":"2026-05-13T16:54:03+00:00","og_image":[{"width":800,"height":800,"url":"https:\/\/antiorarioagencylivestaging.com\/wp-content\/uploads\/2026\/05\/LDAONE500S01.jpg","type":"image\/jpeg"}],"twitter_card":"summary_large_image","twitter_misc":{"Est. reading time":"2 minutes"},"schema":{"@context":"https:\/\/schema.org","@graph":[{"@type":"WebPage","@id":"https:\/\/antiorarioagencylivestaging.com\/prodotto\/sistema-di-diffusione-sonora-e-allarme-vocale-lda-one-500\/","url":"https:\/\/antiorarioagencylivestaging.com\/prodotto\/sistema-di-diffusione-sonora-e-allarme-vocale-lda-one-500\/","name":"Sistema di diffusione sonora e allarme vocale LDA ONE-500 - antiorarioagencylivestaging.com","isPartOf":{"@id":"https:\/\/antiorarioagencylivestaging.com\/#website"},"primaryImageOfPage":{"@id":"https:\/\/antiorarioagencylivestaging.com\/prodotto\/sistema-di-diffusione-sonora-e-allarme-vocale-lda-one-500\/#primaryimage"},"image":{"@id":"https:\/\/antiorarioagencylivestaging.com\/prodotto\/sistema-di-diffusione-sonora-e-allarme-vocale-lda-one-500\/#primaryimage"},"thumbnailUrl":"https:\/\/antiorarioagencylivestaging.com\/wp-content\/uploads\/2026\/05\/LDAONE500S01.jpg","datePublished":"2026-05-13T15:49:39+00:00","dateModified":"2026-05-13T16:54:03+00:00","description":"Il sistema comprende 2 canali di amplificatori con 200 Wrms (500 W musica\/voce in conformit\u00e0 alla EN60065) per la diffusione tra 6 zone...","breadcrumb":{"@id":"https:\/\/antiorarioagencylivestaging.com\/prodotto\/sistema-di-diffusione-sonora-e-allarme-vocale-lda-one-500\/#breadcrumb"},"inLanguage":"en-US","potentialAction":[{"@type":"ReadAction","target":["https:\/\/antiorarioagencylivestaging.com\/prodotto\/sistema-di-diffusione-sonora-e-allarme-vocale-lda-one-500\/"]}]},{"@type":"ImageObject","inLanguage":"en-US","@id":"https:\/\/antiorarioagencylivestaging.com\/prodotto\/sistema-di-diffusione-sonora-e-allarme-vocale-lda-one-500\/#primaryimage","url":"https:\/\/antiorarioagencylivestaging.com\/wp-content\/uploads\/2026\/05\/LDAONE500S01.jpg","contentUrl":"https:\/\/antiorarioagencylivestaging.com\/wp-content\/uploads\/2026\/05\/LDAONE500S01.jpg","width":800,"height":800},{"@type":"BreadcrumbList","@id":"https:\/\/antiorarioagencylivestaging.com\/prodotto\/sistema-di-diffusione-sonora-e-allarme-vocale-lda-one-500\/#breadcrumb","itemListElement":[{"@type":"ListItem","position":1,"name":"Home","item":"https:\/\/antiorarioagencylivestaging.com\/"},{"@type":"ListItem","position":2,"name":"Shop","item":"https:\/\/antiorarioagencylivestaging.com\/negozio\/"},{"@type":"ListItem","position":3,"name":"Sistemi di Evacuazione Sonora","item":"https:\/\/antiorarioagencylivestaging.com\/categoria-prodotto\/sistemi-di-evacuazione-sonora\/"},{"@type":"ListItem","position":4,"name":"Sistema di diffusione sonora e allarme vocale LDA ONE-500"}]},{"@type":"WebSite","@id":"https:\/\/antiorarioagencylivestaging.com\/#website","url":"https:\/\/antiorarioagencylivestaging.com\/","name":"antiorarioagencylivestaging.com","description":"","potentialAction":[{"@type":"SearchAction","target":{"@type":"EntryPoint","urlTemplate":"https:\/\/antiorarioagencylivestaging.com\/?s={search_term_string}"},"query-input":{"@type":"PropertyValueSpecification","valueRequired":true,"valueName":"search_term_string"}}],"inLanguage":"en-US"}]}},"_links":{"self":[{"href":"https:\/\/antiorarioagencylivestaging.com\/en\/wp-json\/wp\/v2\/product\/702","targetHints":{"allow":["GET"]}}],"collection":[{"href":"https:\/\/antiorarioagencylivestaging.com\/en\/wp-json\/wp\/v2\/product"}],"about":[{"href":"https:\/\/antiorarioagencylivestaging.com\/en\/wp-json\/wp\/v2\/types\/product"}],"replies":[{"embeddable":true,"href":"https:\/\/antiorarioagencylivestaging.com\/en\/wp-json\/wp\/v2\/comments?post=702"}],"version-history":[{"count":3,"href":"https:\/\/antiorarioagencylivestaging.com\/en\/wp-json\/wp\/v2\/product\/702\/revisions"}],"predecessor-version":[{"id":827,"href":"https:\/\/antiorarioagencylivestaging.com\/en\/wp-json\/wp\/v2\/product\/702\/revisions\/827"}],"wp:featuredmedia":[{"embeddable":true,"href":"https:\/\/antiorarioagencylivestaging.com\/en\/wp-json\/wp\/v2\/media\/738"}],"wp:attachment":[{"href":"https:\/\/antiorarioagencylivestaging.com\/en\/wp-json\/wp\/v2\/media?parent=702"}],"wp:term":[{"taxonomy":"product_brand","embeddable":true,"href":"https:\/\/antiorarioagencylivestaging.com\/en\/wp-json\/wp\/v2\/product_brand?post=702"},{"taxonomy":"product_cat","embeddable":true,"href":"https:\/\/antiorarioagencylivestaging.com\/en\/wp-json\/wp\/v2\/product_cat?post=702"},{"taxonomy":"product_tag","embeddable":true,"href":"https:\/\/antiorarioagencylivestaging.com\/en\/wp-json\/wp\/v2\/product_tag?post=702"},{"taxonomy":"tipologie","embeddable":true,"href":"https:\/\/antiorarioagencylivestaging.com\/en\/wp-json\/wp\/v2\/tipologie?post=702"}],"curies":[{"name":"wp","href":"https:\/\/api.w.org\/{rel}","templated":true}]}}